{"id":747,"date":"2020-11-26T18:25:52","date_gmt":"2020-11-26T17:25:52","guid":{"rendered":"http:\/\/kcmaizieres.fr\/?page_id=747"},"modified":"2022-07-06T20:49:00","modified_gmt":"2022-07-06T19:49:00","slug":"karate-debutants","status":"publish","type":"page","link":"https:\/\/kcmaizieres.fr\/?page_id=747","title":{"rendered":"Karat\u00e9 enfant"},"content":{"rendered":"\t\t<div data-elementor-type=\"wp-page\" data-elementor-id=\"747\" class=\"elementor elementor-747\">\n\t\t\t\t\t\t<section class=\"elementor-section elementor-top-section elementor-element elementor-element-304acf56 elementor-section-boxed elementor-section-height-default elementor-section-height-default\" data-id=\"304acf56\" data-element_type=\"section\">\n\t\t\t\t\t\t<div class=\"elementor-container elementor-column-gap-default\">\n\t\t\t\t\t<div class=\"elementor-column elementor-col-100 elementor-top-column elementor-element elementor-element-bf63d9c\" data-id=\"bf63d9c\" data-element_type=\"column\">\n\t\t\t<div class=\"elementor-widget-wrap elementor-element-populated\">\n\t\t\t\t\t\t<div class=\"elementor-element elementor-element-d505347 elementor-widget elementor-widget-text-editor\" data-id=\"d505347\" data-element_type=\"widget\" data-widget_type=\"text-editor.default\">\n\t\t\t\t<div class=\"elementor-widget-container\">\n\t\t\t\t\t\t\t\t\t<p><\/p>\n<p>Les cours de karat\u00e9 enfants sont accessibles \u00e0 partir de 6 ans. Les enfants apprennent les bases du karat\u00e9 \u00e0 travers des cours proposant l\u2019\u00e9tude des 3 domaines propre \u00e0 la discipline.<br>Le travail du Kihon indispensable dans un premier temps pour acqu\u00e9rir les techniques de base du karat\u00e9 Wado-ryu pratiqu\u00e9 par le club.<br>Vient ensuite le travail des premiers kata, leur m\u00e9morisation et leur perfectionnent au fil des s\u00e9ances.<br>Avec en parall\u00e8le la d\u00e9couverte du kumit\u00e9.<\/p>\n<p><\/p>\n<p><strong>Ces cours sont assur\u00e9s tous les lundis de 18h15 \u00e0 19h15 et mercredis de 18h15 \u00e0 19h15 par Charlotte VI\u00c9-NOBLET et Romain VI\u00c9.<\/strong><\/p>\n<p><\/p>\t\t\t\t\t\t\t\t<\/div>\n\t\t\t\t<\/div>\n\t\t\t\t\t<\/div>\n\t\t<\/div>\n\t\t\t\t\t<\/div>\n\t\t<\/section>\n\t\t\t\t<\/div>\n\t\t","protected":false},"excerpt":{"rendered":"<p>Les cours de karat\u00e9 enfants sont accessibles \u00e0 partir de 6 ans. Les enfants apprennent les bases du karat\u00e9 \u00e0 travers des cours proposant l\u2019\u00e9tude des 3 domaines propre \u00e0 la discipline.Le travail du Kihon indispensable dans un premier temps pour acqu\u00e9rir les techniques de base du karat\u00e9 Wado-ryu pratiqu\u00e9 par le club.Vient ensuite le [&hellip;]<\/p>\n","protected":false},"author":1,"featured_media":0,"parent":743,"menu_order":0,"comment_status":"closed","ping_status":"closed","template":"","meta":{"_monsterinsights_skip_tracking":false,"_monsterinsights_sitenote_active":false,"_monsterinsights_sitenote_note":"","_monsterinsights_sitenote_category":0,"site-sidebar-layout":"default","site-content-layout":"default","ast-site-content-layout":"default","site-content-style":"default","site-sidebar-style":"default","ast-global-header-display":"","ast-banner-title-visibility":"","ast-main-header-display":"","ast-hfb-above-header-display":"","ast-hfb-below-header-display":"","ast-hfb-mobile-header-display":"","site-post-title":"","ast-breadcrumbs-content":"","ast-featured-img":"","footer-sml-layout":"","ast-disable-related-posts":"","theme-transparent-header-meta":"default","adv-header-id-meta":"","stick-header-meta":"","header-above-stick-meta":"","header-main-stick-meta":"","header-below-stick-meta":"","astra-migrate-meta-layouts":"default","ast-page-background-enabled":"default","ast-page-background-meta":{"desktop":{"background-color":"","background-image":"","background-repeat":"repeat","background-position":"center center","background-size":"auto","background-attachment":"scroll","background-type":"","background-media":"","overlay-type":"","overlay-color":"","overlay-opacity":"","overlay-gradient":""},"tablet":{"background-color":"","background-image":"","background-repeat":"repeat","background-position":"center center","background-size":"auto","background-attachment":"scroll","background-type":"","background-media":"","overlay-type":"","overlay-color":"","overlay-opacity":"","overlay-gradient":""},"mobile":{"background-color":"","background-image":"","background-repeat":"repeat","background-position":"center center","background-size":"auto","background-attachment":"scroll","background-type":"","background-media":"","overlay-type":"","overlay-color":"","overlay-opacity":"","overlay-gradient":""}},"ast-content-background-meta":{"desktop":{"background-color":"var(--ast-global-color-5)","background-image":"","background-repeat":"repeat","background-position":"center center","background-size":"auto","background-attachment":"scroll","background-type":"","background-media":"","overlay-type":"","overlay-color":"","overlay-opacity":"","overlay-gradient":""},"tablet":{"background-color":"var(--ast-global-color-5)","background-image":"","background-repeat":"repeat","background-position":"center center","background-size":"auto","background-attachment":"scroll","background-type":"","background-media":"","overlay-type":"","overlay-color":"","overlay-opacity":"","overlay-gradient":""},"mobile":{"background-color":"var(--ast-global-color-5)","background-image":"","background-repeat":"repeat","background-position":"center center","background-size":"auto","background-attachment":"scroll","background-type":"","background-media":"","overlay-type":"","overlay-color":"","overlay-opacity":"","overlay-gradient":""}},"footnotes":""},"class_list":["post-747","page","type-page","status-publish","hentry"],"_links":{"self":[{"href":"https:\/\/kcmaizieres.fr\/index.php?rest_route=\/wp\/v2\/pages\/747","targetHints":{"allow":["GET"]}}],"collection":[{"href":"https:\/\/kcmaizieres.fr\/index.php?rest_route=\/wp\/v2\/pages"}],"about":[{"href":"https:\/\/kcmaizieres.fr\/index.php?rest_route=\/wp\/v2\/types\/page"}],"author":[{"embeddable":true,"href":"https:\/\/kcmaizieres.fr\/index.php?rest_route=\/wp\/v2\/users\/1"}],"replies":[{"embeddable":true,"href":"https:\/\/kcmaizieres.fr\/index.php?rest_route=%2Fwp%2Fv2%2Fcomments&post=747"}],"version-history":[{"count":11,"href":"https:\/\/kcmaizieres.fr\/index.php?rest_route=\/wp\/v2\/pages\/747\/revisions"}],"predecessor-version":[{"id":1112,"href":"https:\/\/kcmaizieres.fr\/index.php?rest_route=\/wp\/v2\/pages\/747\/revisions\/1112"}],"up":[{"embeddable":true,"href":"https:\/\/kcmaizieres.fr\/index.php?rest_route=\/wp\/v2\/pages\/743"}],"wp:attachment":[{"href":"https:\/\/kcmaizieres.fr\/index.php?rest_route=%2Fwp%2Fv2%2Fmedia&parent=747"}],"curies":[{"name":"wp","href":"https:\/\/api.w.org\/{rel}","templated":true}]}}