{"id":745,"date":"2020-11-26T18:24:44","date_gmt":"2020-11-26T17:24:44","guid":{"rendered":"http:\/\/kcmaizieres.fr\/?page_id=745"},"modified":"2022-07-06T20:51:28","modified_gmt":"2022-07-06T19:51:28","slug":"karate-ados-adultes","status":"publish","type":"page","link":"https:\/\/kcmaizieres.fr\/?page_id=745","title":{"rendered":"Karat\u00e9 Ados &#8211; Adultes"},"content":{"rendered":"\n<p>Les cours de karat\u00e9 Ados &#8211; Adultes sont accessibles \u00e0 partir de 12 ans, quelque soit le niveau du pratiquant.<\/p>\n\n\n\n<p>Les cours m\u00e9langent kata, kumit\u00e9 mais aussi self d\u00e9fense.<\/p>\n\n\n\n<p><strong>Ces cours sont assur\u00e9s tous les lundis de 19h15 \u00e0 20h30 et jeudis de 18h30 \u00e0 20h00 par Charlotte VI\u00c9-NOBLET et Romain VI\u00c9<\/strong><\/p>\n","protected":false},"excerpt":{"rendered":"<p>Les cours de karat\u00e9 Ados &#8211; Adultes sont accessibles \u00e0 partir de 12 ans, quelque soit le niveau du pratiquant. Les cours m\u00e9langent kata, kumit\u00e9 mais aussi self d\u00e9fense. Ces cours sont assur\u00e9s tous les lundis de 19h15 \u00e0 20h30 et jeudis de 18h30 \u00e0 20h00 par Charlotte VI\u00c9-NOBLET et Romain VI\u00c9<\/p>\n","protected":false},"author":1,"featured_media":0,"parent":743,"menu_order":0,"comment_status":"closed","ping_status":"closed","template":"","meta":{"_monsterinsights_skip_tracking":false,"_monsterinsights_sitenote_active":false,"_monsterinsights_sitenote_note":"","_monsterinsights_sitenote_category":0,"site-sidebar-layout":"default","site-content-layout":"default","ast-site-content-layout":"default","site-content-style":"default","site-sidebar-style":"default","ast-global-header-display":"","ast-banner-title-visibility":"","ast-main-header-display":"","ast-hfb-above-header-display":"","ast-hfb-below-header-display":"","ast-hfb-mobile-header-display":"","site-post-title":"","ast-breadcrumbs-content":"","ast-featured-img":"","footer-sml-layout":"","ast-disable-related-posts":"","theme-transparent-header-meta":"default","adv-header-id-meta":"","stick-header-meta":"","header-above-stick-meta":"","header-main-stick-meta":"","header-below-stick-meta":"","astra-migrate-meta-layouts":"default","ast-page-background-enabled":"default","ast-page-background-meta":{"desktop":{"background-color":"","background-image":"","background-repeat":"repeat","background-position":"center center","background-size":"auto","background-attachment":"scroll","background-type":"","background-media":"","overlay-type":"","overlay-color":"","overlay-opacity":"","overlay-gradient":""},"tablet":{"background-color":"","background-image":"","background-repeat":"repeat","background-position":"center center","background-size":"auto","background-attachment":"scroll","background-type":"","background-media":"","overlay-type":"","overlay-color":"","overlay-opacity":"","overlay-gradient":""},"mobile":{"background-color":"","background-image":"","background-repeat":"repeat","background-position":"center center","background-size":"auto","background-attachment":"scroll","background-type":"","background-media":"","overlay-type":"","overlay-color":"","overlay-opacity":"","overlay-gradient":""}},"ast-content-background-meta":{"desktop":{"background-color":"var(--ast-global-color-5)","background-image":"","background-repeat":"repeat","background-position":"center center","background-size":"auto","background-attachment":"scroll","background-type":"","background-media":"","overlay-type":"","overlay-color":"","overlay-opacity":"","overlay-gradient":""},"tablet":{"background-color":"var(--ast-global-color-5)","background-image":"","background-repeat":"repeat","background-position":"center center","background-size":"auto","background-attachment":"scroll","background-type":"","background-media":"","overlay-type":"","overlay-color":"","overlay-opacity":"","overlay-gradient":""},"mobile":{"background-color":"var(--ast-global-color-5)","background-image":"","background-repeat":"repeat","background-position":"center center","background-size":"auto","background-attachment":"scroll","background-type":"","background-media":"","overlay-type":"","overlay-color":"","overlay-opacity":"","overlay-gradient":""}},"footnotes":""},"class_list":["post-745","page","type-page","status-publish","hentry"],"_links":{"self":[{"href":"https:\/\/kcmaizieres.fr\/index.php?rest_route=\/wp\/v2\/pages\/745","targetHints":{"allow":["GET"]}}],"collection":[{"href":"https:\/\/kcmaizieres.fr\/index.php?rest_route=\/wp\/v2\/pages"}],"about":[{"href":"https:\/\/kcmaizieres.fr\/index.php?rest_route=\/wp\/v2\/types\/page"}],"author":[{"embeddable":true,"href":"https:\/\/kcmaizieres.fr\/index.php?rest_route=\/wp\/v2\/users\/1"}],"replies":[{"embeddable":true,"href":"https:\/\/kcmaizieres.fr\/index.php?rest_route=%2Fwp%2Fv2%2Fcomments&post=745"}],"version-history":[{"count":2,"href":"https:\/\/kcmaizieres.fr\/index.php?rest_route=\/wp\/v2\/pages\/745\/revisions"}],"predecessor-version":[{"id":1114,"href":"https:\/\/kcmaizieres.fr\/index.php?rest_route=\/wp\/v2\/pages\/745\/revisions\/1114"}],"up":[{"embeddable":true,"href":"https:\/\/kcmaizieres.fr\/index.php?rest_route=\/wp\/v2\/pages\/743"}],"wp:attachment":[{"href":"https:\/\/kcmaizieres.fr\/index.php?rest_route=%2Fwp%2Fv2%2Fmedia&parent=745"}],"curies":[{"name":"wp","href":"https:\/\/api.w.org\/{rel}","templated":true}]}}