{"id":738,"date":"2020-11-26T18:13:24","date_gmt":"2020-11-26T17:13:24","guid":{"rendered":"http:\/\/kcmaizieres.fr\/?page_id=738"},"modified":"2020-11-26T18:13:36","modified_gmt":"2020-11-26T17:13:36","slug":"body-adultes","status":"publish","type":"page","link":"https:\/\/kcmaizieres.fr\/?page_id=738","title":{"rendered":"Body Adultes"},"content":{"rendered":"\n<p>Le body adulte permet de pratiquer une activit\u00e9 sportive qui mobilisera le physique, la coordination et la m\u00e9moire.<\/p>\n\n\n\n<p>Sur un fond musical chacun apprendra les chor\u00e9graphies et pourra, si il le souhaite, participer aux comp\u00e9tions de body karat\u00e9.<\/p>\n\n\n\n<p><strong>Ce cours est assur\u00e9 par Charlotte VI\u00c9-NOBLET tous les mercredis de 19h30 \u00e0 20h30.<\/strong><\/p>\n","protected":false},"excerpt":{"rendered":"<p>Le body adulte permet de pratiquer une activit\u00e9 sportive qui mobilisera le physique, la coordination et la m\u00e9moire. Sur un fond musical chacun apprendra les chor\u00e9graphies et pourra, si il le souhaite, participer aux comp\u00e9tions de body karat\u00e9. Ce cours est assur\u00e9 par Charlotte VI\u00c9-NOBLET tous les mercredis de 19h30 \u00e0 20h30.<\/p>\n","protected":false},"author":1,"featured_media":0,"parent":736,"menu_order":0,"comment_status":"closed","ping_status":"closed","template":"","meta":{"_monsterinsights_skip_tracking":false,"_monsterinsights_sitenote_active":false,"_monsterinsights_sitenote_note":"","_monsterinsights_sitenote_category":0,"site-sidebar-layout":"default","site-content-layout":"default","ast-site-content-layout":"default","site-content-style":"default","site-sidebar-style":"default","ast-global-header-display":"","ast-banner-title-visibility":"","ast-main-header-display":"","ast-hfb-above-header-display":"","ast-hfb-below-header-display":"","ast-hfb-mobile-header-display":"","site-post-title":"","ast-breadcrumbs-content":"","ast-featured-img":"","footer-sml-layout":"","ast-disable-related-posts":"","theme-transparent-header-meta":"default","adv-header-id-meta":"","stick-header-meta":"","header-above-stick-meta":"","header-main-stick-meta":"","header-below-stick-meta":"","astra-migrate-meta-layouts":"default","ast-page-background-enabled":"default","ast-page-background-meta":{"desktop":{"background-color":"","background-image":"","background-repeat":"repeat","background-position":"center center","background-size":"auto","background-attachment":"scroll","background-type":"","background-media":"","overlay-type":"","overlay-color":"","overlay-opacity":"","overlay-gradient":""},"tablet":{"background-color":"","background-image":"","background-repeat":"repeat","background-position":"center center","background-size":"auto","background-attachment":"scroll","background-type":"","background-media":"","overlay-type":"","overlay-color":"","overlay-opacity":"","overlay-gradient":""},"mobile":{"background-color":"","background-image":"","background-repeat":"repeat","background-position":"center center","background-size":"auto","background-attachment":"scroll","background-type":"","background-media":"","overlay-type":"","overlay-color":"","overlay-opacity":"","overlay-gradient":""}},"ast-content-background-meta":{"desktop":{"background-color":"var(--ast-global-color-5)","background-image":"","background-repeat":"repeat","background-position":"center center","background-size":"auto","background-attachment":"scroll","background-type":"","background-media":"","overlay-type":"","overlay-color":"","overlay-opacity":"","overlay-gradient":""},"tablet":{"background-color":"var(--ast-global-color-5)","background-image":"","background-repeat":"repeat","background-position":"center center","background-size":"auto","background-attachment":"scroll","background-type":"","background-media":"","overlay-type":"","overlay-color":"","overlay-opacity":"","overlay-gradient":""},"mobile":{"background-color":"var(--ast-global-color-5)","background-image":"","background-repeat":"repeat","background-position":"center center","background-size":"auto","background-attachment":"scroll","background-type":"","background-media":"","overlay-type":"","overlay-color":"","overlay-opacity":"","overlay-gradient":""}},"footnotes":""},"class_list":["post-738","page","type-page","status-publish","hentry"],"_links":{"self":[{"href":"https:\/\/kcmaizieres.fr\/index.php?rest_route=\/wp\/v2\/pages\/738","targetHints":{"allow":["GET"]}}],"collection":[{"href":"https:\/\/kcmaizieres.fr\/index.php?rest_route=\/wp\/v2\/pages"}],"about":[{"href":"https:\/\/kcmaizieres.fr\/index.php?rest_route=\/wp\/v2\/types\/page"}],"author":[{"embeddable":true,"href":"https:\/\/kcmaizieres.fr\/index.php?rest_route=\/wp\/v2\/users\/1"}],"replies":[{"embeddable":true,"href":"https:\/\/kcmaizieres.fr\/index.php?rest_route=%2Fwp%2Fv2%2Fcomments&post=738"}],"version-history":[{"count":2,"href":"https:\/\/kcmaizieres.fr\/index.php?rest_route=\/wp\/v2\/pages\/738\/revisions"}],"predecessor-version":[{"id":740,"href":"https:\/\/kcmaizieres.fr\/index.php?rest_route=\/wp\/v2\/pages\/738\/revisions\/740"}],"up":[{"embeddable":true,"href":"https:\/\/kcmaizieres.fr\/index.php?rest_route=\/wp\/v2\/pages\/736"}],"wp:attachment":[{"href":"https:\/\/kcmaizieres.fr\/index.php?rest_route=%2Fwp%2Fv2%2Fmedia&parent=738"}],"curies":[{"name":"wp","href":"https:\/\/api.w.org\/{rel}","templated":true}]}}