{"id":734,"date":"2020-11-26T18:00:23","date_gmt":"2020-11-26T17:00:23","guid":{"rendered":"http:\/\/kcmaizieres.fr\/?page_id=734"},"modified":"2026-01-17T17:16:54","modified_gmt":"2026-01-17T16:16:54","slug":"baby-karate","status":"publish","type":"page","link":"https:\/\/kcmaizieres.fr\/?page_id=734","title":{"rendered":"Baby Karat\u00e9"},"content":{"rendered":"\n<p>Les cours de Baby Karat\u00e9 sont propos\u00e9s pour les plus jeunes (3 \u00e0 6 ans), le cours est avant tout bas\u00e9 sur des apprentissages moteurs. Le travail s\u2019effectue sous forme de jeux afin de sensibiliser aux d\u00e9placements dans l\u2019espace, \u00e0 l\u2019\u00e9quilibre, \u00e0 la d\u00e9couverte de son corps et \u00e0 la relation avec les autres.<\/p>\n\n\n\n<p>De fa\u00e7on ludique, ces jeunes karat\u00e9kas d\u00e9couvriront les fondements de cet art martial, tels que le salut ou les techniques de bases (coup de poing direct, coup de pied direct). Il permet d\u2019acqu\u00e9rir une bonne souplesse ainsi qu\u2019une excellente ma\u00eetrise de la gestuelle et de la pr\u00e9cision puisque les coups ne sont pas port\u00e9s.<br>Le Baby Karat\u00e9 n\u00e9cessite de l\u2019\u00e9coute, de l\u2019attention et de la concentration de la part de l\u2019enfant.<\/p>\n\n\n\n<p><strong>Ces cours sont assur\u00e9s tous les mercredis apr\u00e8s midi de 17h15 \u00e0 18h00 par Charlotte VI\u00c9-NOBLET.<\/strong><\/p>\n","protected":false},"excerpt":{"rendered":"<p>Les cours de Baby Karat\u00e9 sont propos\u00e9s pour les plus jeunes (3 \u00e0 6 ans), le cours est avant tout bas\u00e9 sur des apprentissages moteurs. Le travail s\u2019effectue sous forme de jeux afin de sensibiliser aux d\u00e9placements dans l\u2019espace, \u00e0 l\u2019\u00e9quilibre, \u00e0 la d\u00e9couverte de son corps et \u00e0 la relation avec les autres. De [&hellip;]<\/p>\n","protected":false},"author":1,"featured_media":0,"parent":35,"menu_order":0,"comment_status":"closed","ping_status":"closed","template":"","meta":{"_monsterinsights_skip_tracking":false,"_monsterinsights_sitenote_active":false,"_monsterinsights_sitenote_note":"","_monsterinsights_sitenote_category":0,"site-sidebar-layout":"default","site-content-layout":"default","ast-site-content-layout":"default","site-content-style":"default","site-sidebar-style":"default","ast-global-header-display":"","ast-banner-title-visibility":"","ast-main-header-display":"","ast-hfb-above-header-display":"","ast-hfb-below-header-display":"","ast-hfb-mobile-header-display":"","site-post-title":"","ast-breadcrumbs-content":"","ast-featured-img":"","footer-sml-layout":"","ast-disable-related-posts":"","theme-transparent-header-meta":"default","adv-header-id-meta":"","stick-header-meta":"","header-above-stick-meta":"","header-main-stick-meta":"","header-below-stick-meta":"","astra-migrate-meta-layouts":"set","ast-page-background-enabled":"default","ast-page-background-meta":{"desktop":{"background-color":"","background-image":"","background-repeat":"repeat","background-position":"center center","background-size":"auto","background-attachment":"scroll","background-type":"","background-media":"","overlay-type":"","overlay-color":"","overlay-opacity":"","overlay-gradient":""},"tablet":{"background-color":"","background-image":"","background-repeat":"repeat","background-position":"center center","background-size":"auto","background-attachment":"scroll","background-type":"","background-media":"","overlay-type":"","overlay-color":"","overlay-opacity":"","overlay-gradient":""},"mobile":{"background-color":"","background-image":"","background-repeat":"repeat","background-position":"center center","background-size":"auto","background-attachment":"scroll","background-type":"","background-media":"","overlay-type":"","overlay-color":"","overlay-opacity":"","overlay-gradient":""}},"ast-content-background-meta":{"desktop":{"background-color":"var(--ast-global-color-5)","background-image":"","background-repeat":"repeat","background-position":"center center","background-size":"auto","background-attachment":"scroll","background-type":"","background-media":"","overlay-type":"","overlay-color":"","overlay-opacity":"","overlay-gradient":""},"tablet":{"background-color":"var(--ast-global-color-5)","background-image":"","background-repeat":"repeat","background-position":"center center","background-size":"auto","background-attachment":"scroll","background-type":"","background-media":"","overlay-type":"","overlay-color":"","overlay-opacity":"","overlay-gradient":""},"mobile":{"background-color":"var(--ast-global-color-5)","background-image":"","background-repeat":"repeat","background-position":"center center","background-size":"auto","background-attachment":"scroll","background-type":"","background-media":"","overlay-type":"","overlay-color":"","overlay-opacity":"","overlay-gradient":""}},"footnotes":""},"class_list":["post-734","page","type-page","status-publish","hentry"],"_links":{"self":[{"href":"https:\/\/kcmaizieres.fr\/index.php?rest_route=\/wp\/v2\/pages\/734","targetHints":{"allow":["GET"]}}],"collection":[{"href":"https:\/\/kcmaizieres.fr\/index.php?rest_route=\/wp\/v2\/pages"}],"about":[{"href":"https:\/\/kcmaizieres.fr\/index.php?rest_route=\/wp\/v2\/types\/page"}],"author":[{"embeddable":true,"href":"https:\/\/kcmaizieres.fr\/index.php?rest_route=\/wp\/v2\/users\/1"}],"replies":[{"embeddable":true,"href":"https:\/\/kcmaizieres.fr\/index.php?rest_route=%2Fwp%2Fv2%2Fcomments&post=734"}],"version-history":[{"count":2,"href":"https:\/\/kcmaizieres.fr\/index.php?rest_route=\/wp\/v2\/pages\/734\/revisions"}],"predecessor-version":[{"id":1178,"href":"https:\/\/kcmaizieres.fr\/index.php?rest_route=\/wp\/v2\/pages\/734\/revisions\/1178"}],"up":[{"embeddable":true,"href":"https:\/\/kcmaizieres.fr\/index.php?rest_route=\/wp\/v2\/pages\/35"}],"wp:attachment":[{"href":"https:\/\/kcmaizieres.fr\/index.php?rest_route=%2Fwp%2Fv2%2Fmedia&parent=734"}],"curies":[{"name":"wp","href":"https:\/\/api.w.org\/{rel}","templated":true}]}}